{"id":92,"date":"2024-12-17T00:07:00","date_gmt":"2024-12-16T23:07:00","guid":{"rendered":"https:\/\/www.tqalternativeinvestments.com\/?page_id=92"},"modified":"2025-10-21T16:44:00","modified_gmt":"2025-10-21T14:44:00","slug":"politica-de-cookies","status":"publish","type":"page","link":"https:\/\/www.tqalternativeinvestments.com\/es\/politica-de-cookies\/","title":{"rendered":"POL\u00cdTICA DE COOKIES"},"content":{"rendered":"<p>En cumplimiento de la Ley 34\/2002 de Servicios de la Sociedad de la Informaci\u00f3n y del Comercio Electr\u00f3nico (LSSICE), se informa de los siguientes aspectos legales de la Web:<\/p>\r\n\r\n<p>&nbsp;<\/p>\r\n\r\n<figure class=\"wp-block-table\">\r\n<table class=\"has-fixed-layout\">\r\n<tbody>\r\n<tr>\r\n<td>Web:<\/td>\r\n<td><a href=\"https:\/\/tqeurocredit.com\/\"><strong>https:\/\/tqeurocredit.com\/<\/strong><\/a><\/td>\r\n<\/tr>\r\n<tr>\r\n<td>Titular:<\/td>\r\n<td>TQ EUROCREDIT-BCN S.L.<\/td>\r\n<\/tr>\r\n<tr>\r\n<td>Domicilio:<\/td>\r\n<td>C\/ Pau Claris n\u00ba 174, 4-1, cp 08037, BarcelonaC\/ Gran Via Jaume I , 32 -1 17001 \u00a0GironaPaseo de la Castellana n\u00ba 171, Bj. Izda, 28046, MadridAv. Alexandre Rosell\u00f3, 26A, 1r, 07002, Palma de Mallorca<\/td>\r\n<\/tr>\r\n<tr>\r\n<td>C.I.F:<\/td>\r\n<td>B65756398<\/td>\r\n<\/tr>\r\n<tr>\r\n<td>Tel\u00e9fono:<strong>\u00a0<\/strong><\/td>\r\n<td>93.349.55.10 (Barcelona)972.48.72.22 (Girona)915.661.540 (Madrid)<\/td>\r\n<\/tr>\r\n<tr>\r\n<td>Correo electr\u00f3nico:<\/td>\r\n<td>\u00a0<a href=\"mailto:info@tqeurocredit.com\">info@tqeurocredit.com<\/a><a href=\"mailto:bcn@tqeurocredit.com\">bcn@tqeurocredit.com<\/a><a href=\"mailto:madrid@tqeurocredit.com\">madrid@tqeurocredit.com<\/a><\/td>\r\n<\/tr>\r\n<tr>\r\n<td><strong>Datos registrales:<\/strong><\/td>\r\n<td>Inscrito en el Registro Mercantil de Barcelona, Tomo 43157, Folio 23, Hoja B-424584<\/td>\r\n<\/tr>\r\n<\/tbody>\r\n<\/table>\r\n<\/figure>\r\n\r\n<p>&nbsp;<\/p>\r\n\r\n<p><strong>TQ EUROCREDIT<\/strong>\u00a0puede recopilar informaci\u00f3n sobre los h\u00e1bitos de b\u00fasqueda de los usuarios del sitio web por medio de cookies o archivos de registro. No se utilizar\u00e1n las cookies para recoger informaci\u00f3n de car\u00e1cter personal. Solamente se instalar\u00e1n si el Usuario permanece y contin\u00faa navegando en nuestra p\u00e1gina web, entendiendo que consiente su uso e instalaci\u00f3n. A continuaci\u00f3n, proporcionamos informaci\u00f3n detallada sobre: qu\u00e9 son las \u201ccookies\u201d, qu\u00e9 tipolog\u00eda utiliza este sitio web, c\u00f3mo pueden desactivarlas en el navegador y c\u00f3mo bloquear espec\u00edficamente la instalaci\u00f3n de Cookies de terceros.<\/p>\r\n\r\n<p>&nbsp;<\/p>\r\n\r\n<p><strong>\u00bfQu\u00e9 son las cookies?<\/strong><\/p>\r\n\r\n<p>&nbsp;<\/p>\r\n\r\n<p>Las cookies son peque\u00f1os archivos de texto generados por las p\u00e1ginas web que el Usuario visita, las cuales contienen los datos de sesi\u00f3n que pueden ser de utilidad m\u00e1s adelante en la p\u00e1gina web. Los datos permiten que la p\u00e1gina web pueda mantener su informaci\u00f3n entre las p\u00e1ginas, y tambi\u00e9n para analizar la forma de interactuar con el sitio.<\/p>\r\n\r\n<p>&nbsp;<\/p>\r\n\r\n<p>Las cookies son seguras ya que s\u00f3lo pueden almacenar la informaci\u00f3n que se puso en su lugar por el navegador, la informaci\u00f3n que el Usuario hubiera introducido en el navegador o la que se incluye en la solicitud de p\u00e1gina. No pueden ejecutar c\u00f3digo y no se pueden utilizar para acceder al equipo del Usuario.<\/p>\r\n\r\n<p>&nbsp;<\/p>\r\n\r\n<p>Las cookies son esenciales para el funcionamiento de Internet, aportando innumerables ventajas en la prestaci\u00f3n de servicios interactivos, facilitando la navegaci\u00f3n y usabilidad de las p\u00e1ginas web. Las cookies no pueden da\u00f1ar los equipos y que est\u00e9n activadas ayuda a identificar y resolver los errores.<\/p>\r\n\r\n<p>&nbsp;<\/p>\r\n\r\n<p><strong>Tipos de cookies<\/strong><\/p>\r\n\r\n<p>&nbsp;<\/p>\r\n\r\n<p>A continuaci\u00f3n, proporcionamos m\u00e1s informaci\u00f3n para que se entiendan mejor los diferentes tipos de cookies que pueden ser utilizados:<\/p>\r\n\r\n<p>&nbsp;<\/p>\r\n\r\n<figure class=\"wp-block-table\">\r\n<table class=\"has-fixed-layout\">\r\n<tbody>\r\n<tr>\r\n<td><strong>Seg\u00fan titularidad<\/strong><\/td>\r\n<td><strong>\u00a0<\/strong><\/td>\r\n<\/tr>\r\n<tr>\r\n<td>Cookies Propias<\/td>\r\n<td>Son las que se generan por la propia p\u00e1gina web que estamos visitando. Pueden ser muy variadas y generalmente se utilizan para mejorar la experiencia del usuario al entrar en una p\u00e1gina.<\/td>\r\n<\/tr>\r\n<tr>\r\n<td>Cookies de terceros<\/td>\r\n<td>Son las generadas por servicios o proveedores externos a la web. Pueden ser muy variadas y recopilan datos estad\u00edsticos, de uso, recopila gustos de los usuarios, etc.<\/td>\r\n<\/tr>\r\n<\/tbody>\r\n<\/table>\r\n<\/figure>\r\n\r\n<p>&nbsp;<\/p>\r\n\r\n<figure class=\"wp-block-table\">\r\n<table class=\"has-fixed-layout\">\r\n<tbody>\r\n<tr>\r\n<td><strong>Seg\u00fan su finalidad<\/strong><\/td>\r\n<td><strong>\u00a0<\/strong><\/td>\r\n<\/tr>\r\n<tr>\r\n<td>Cookies t\u00e9cnicas<\/td>\r\n<td>Las cookies t\u00e9cnicas son aquellas imprescindibles y estrictamente necesarias para el correcto funcionamiento de un portal web y la utilizaci\u00f3n de las diferentes opciones i servicios que ofrece.Por ejemplo, las que sirven para el mantenimiento de la sesi\u00f3n, la gesti\u00f3n del tiempo de respuesta, rendimiento, etc.<\/td>\r\n<\/tr>\r\n<tr>\r\n<td>Cookies de personalizaci\u00f3n<\/td>\r\n<td>Estas cookies permiten al usuario especificar o personalizar algunas caracter\u00edsticas de las opciones generales de la p\u00e1gina web, por ejemplo, definir el idioma, configuraci\u00f3n regional o tipo de navegador.<\/td>\r\n<\/tr>\r\n<tr>\r\n<td>Cookies anal\u00edticas<\/td>\r\n<td>Las cookies anal\u00edticas son las utilizadas por nuestros portales web para elaborar perfiles de navegaci\u00f3n y poder conocer las preferencias de los usuarios.Por ejemplo, mediante una cookie anal\u00edtica se puede controlar las \u00e1reas geogr\u00e1ficas de mayor inter\u00e9s de un usuario, el producto con m\u00e1s \u00e9xito, etc.<\/td>\r\n<\/tr>\r\n<tr>\r\n<td>Cookies publicitarias \/ de publicidad<\/td>\r\n<td>Las cookies publicitarias permiten la gesti\u00f3n de los espacios publicitarios en base a criterios concretos como la frecuencia de acceso, el contenido editado, etc.Las cookies de publicidad permiten a trav\u00e9s de la gesti\u00f3n de la publicidad almacenar informaci\u00f3n del comportamiento a trav\u00e9s de la observaci\u00f3n de h\u00e1bitos, estudiando los accesos y formando un perfil de preferencias del usuario, para ofrecer publicidad relacionada con los intereses de su perfil.<\/td>\r\n<\/tr>\r\n<\/tbody>\r\n<\/table>\r\n<\/figure>\r\n\r\n<p>&nbsp;<\/p>\r\n\r\n<figure class=\"wp-block-table\">\r\n<table class=\"has-fixed-layout\">\r\n<tbody>\r\n<tr>\r\n<td><strong>Seg\u00fan plazo<\/strong><\/td>\r\n<td><strong>\u00a0<\/strong><\/td>\r\n<\/tr>\r\n<tr>\r\n<td>Cookies de sesi\u00f3n<\/td>\r\n<td>Las cookies de sesi\u00f3n son aquellas que duran el tiempo que el usuario est\u00e1 navegando por la p\u00e1gina web y se borran al final de la misma.<\/td>\r\n<\/tr>\r\n<tr>\r\n<td>Cookies persistentes<\/td>\r\n<td>Estas cookies quedan almacenadas en el terminal del usuario, por un tiempo m\u00e1s largo facilitando as\u00ed el control de preferencias elegidas sin haber de repetir ciertos par\u00e1metros cada vez que se visite el sitio web.<\/td>\r\n<\/tr>\r\n<\/tbody>\r\n<\/table>\r\n<\/figure>\r\n\r\n<p>&nbsp;<\/p>\r\n\r\n<p><strong>\u00a0<\/strong><strong>Relaci\u00f3n y descripci\u00f3n de \u2018cookies\u2019<\/strong><\/p>\r\n\r\n<p>&nbsp;<\/p>\r\n\r\n<p>La tabla que publicamos a continuaci\u00f3n recoge de forma esquematizada las cookies anteriormente descritas y utilizadas en nuestra p\u00e1gina web:<\/p>\r\n\r\n<p>&nbsp;<\/p>\r\n\r\n<p><strong>Cookies propias y de terceros:<\/strong><\/p>\r\n\r\n<p>&nbsp;<\/p>\r\n\r\n<p><strong>\u00a0<\/strong><strong>M\u00e1s informaci\u00f3n de las Cookies de Google:<\/strong><\/p>\r\n\r\n<p>&nbsp;<\/p>\r\n\r\n<figure class=\"wp-block-table\">\r\n<table class=\"has-fixed-layout\">\r\n<tbody>\r\n<tr>\r\n<td>Dominio<\/td>\r\n<td>Nombre<\/td>\r\n<td>Duraci\u00f3n<\/td>\r\n<td>Prop\u00f3sito<\/td>\r\n<td>TIpo<\/td>\r\n<\/tr>\r\n<tr>\r\n<td rowspan=\"4\"><strong>.artizsoler.com<\/strong>\u00a0\u00a0\u00a0\u00a0<strong>.google.com<\/strong><\/td>\r\n<td>_ga<\/td>\r\n<td>2 a\u00f1os<\/td>\r\n<td>Cookie anal\u00edtica (de terceros) Se usa para diferenciar entre usuarios y sesiones. La cookie se crea al cargar la librer\u00eda javascript y no existe una versi\u00f3n previa de la cookie _ga. La cookie se actualiza cada vez que envia los datos a Google Analytics.<\/td>\r\n<td>Anal\u00edtica<\/td>\r\n<\/tr>\r\n<tr>\r\n<td>_gid<\/td>\r\n<td>24 horas<\/td>\r\n<td>Se genera de forma autom\u00e1tica de forma transparente para la Web debido a ciertos c\u00f3digos de medici\u00f3n o terceros<\/td>\r\n<td>Anal\u00edtica<\/td>\r\n<\/tr>\r\n<tr>\r\n<td>_gat_gtag_UA_7825423_1<\/td>\r\n<td>1 min<\/td>\r\n<td>Cookie de Google Analytics. Se usa para limitar el porcentaje de solicitudes. Recopila informaci\u00f3n sobre c\u00f3mo los visitantes usan el sitio.<\/td>\r\n<td>Anal\u00edtica<\/td>\r\n<\/tr>\r\n<tr>\r\n<td>cookie_notice_accepted<\/td>\r\n<td>1 mes<\/td>\r\n<td>Cookie de uso interno necesaria para el funcionamiento de la visualizaci\u00f3n de la pol\u00edtica de cookies de la web. Esta cookie t\u00e9cnica nos permite conocer si ya se le ha mostrado el aviso de pol\u00edtica de cookies de nuestro Sitio Web para no mostrarlo de nuevo.<\/td>\r\n<td>Rendimiento<\/td>\r\n<\/tr>\r\n<tr>\r\n<td><strong>\u00a0<\/strong><\/td>\r\n<td>CONSENT<\/td>\r\n<td>Permanente<\/td>\r\n<td>De Gstatic.Funci\u00f3n de aceptaci\u00f3n de cookies en sitios web.<\/td>\r\n<td>Funcionamiento<\/td>\r\n<\/tr>\r\n<tr>\r\n<td><strong>\u00a0<\/strong><\/td>\r\n<td>ANID<\/td>\r\n<td>1 a\u00f1o<\/td>\r\n<td>Cookie de Google utilizada para configurar los anuncios de la p\u00e1gina web.<\/td>\r\n<td>Publicidad<\/td>\r\n<\/tr>\r\n<tr>\r\n<td><strong>\u00a0<\/strong><\/td>\r\n<td>1P_JAR<\/td>\r\n<td>15 d\u00edas<\/td>\r\n<td>De Gstatic. Cookie que transfiere datos en Google para hacer la publicidad m\u00e1s atractiva .<\/td>\r\n<td>Publicidad\/Personalizaci\u00f3n<\/td>\r\n<\/tr>\r\n<tr>\r\n<td><strong>\u00a0<\/strong><\/td>\r\n<td>NID<\/td>\r\n<td>6 meses<\/td>\r\n<td>La cookie \u00abNID\u00bb contiene un ID \u00fanico que Google utiliza para recordar tus preferencias y otra informaci\u00f3n, como tu idioma preferido, el n\u00famero de resultados de b\u00fasqueda que quieres que se muestren por p\u00e1gina (por ejemplo, 10 o 20) y si quieres que el filtro B\u00fasqueda Segura de Google est\u00e9 activado o desactivado<\/td>\r\n<td>Preferencias<\/td>\r\n<\/tr>\r\n<\/tbody>\r\n<\/table>\r\n<\/figure>\r\n\r\n<p>&nbsp;<\/p>\r\n\r\n<p>\u2013 (Google Analytics): Utilizamos el sistema Google Analytics (herramienta de Google para la medici\u00f3n del tr\u00e1fico de las P\u00e1ginas Web), el cual puede almacenar cookies en su ordenador para ayudarnos a recopilar informaci\u00f3n que ser\u00e1 utilizada \u00fanicamente con fines estad\u00edsticos y de estudio del comportamiento de los usuarios de nuestro sitio web. La informaci\u00f3n que recopila la cookie (incluida la IP) es almacenada y transmitida hacia los servidores de Google en Estados Unidos. Google utilizar\u00e1 dichos datos para recopilar su actividad en nuestro sitio y generar informes con el prop\u00f3sito de identificar el uso que hace del sitio. Google podr\u00e1 proporcionar dicha informaci\u00f3n a terceros cuando as\u00ed lo requiera la legislaci\u00f3n vigente. La aceptaci\u00f3n de esta pol\u00edtica supone la aceptaci\u00f3n del uso por parte de Google de la informaci\u00f3n recogida por Google Analytics. (Ejemplos de estas cookies:\u00a0<em>__utma,<\/em>\u00a0<em>__utmb, __utmc, __utmz,\u00a0<\/em><em>__utmv,\u00a0<\/em><em>__utmt, _ga,\u00a0<\/em><em>_gid,\u00a0<\/em><em>_gat,<\/em>\u00a0etc.).<\/p>\r\n\r\n<p>&nbsp;<\/p>\r\n\r\n<p>\u2013 (Google Maps): Tambi\u00e9n utilizamos cookies de Google Maps, se utilizan para visualizar ubicaciones geogr\u00e1ficas. Estas cookies son gestionadas enteramente por Google. (ejemplo: PREF, CONSENT, SSID, NID\u2026)<\/p>\r\n\r\n<p>&nbsp;<\/p>\r\n\r\n<p>\u2013 Otras cookies de Google: Asimismo, utilizamos cookies de car\u00e1cter t\u00e9cnico para recordar la aceptaci\u00f3n por parte del usuario de la instalaci\u00f3n de cookies, adem\u00e1s de cookies con distintas funcionalidades, de publicidad, de seguridad o de preferencias. (Ejemplos de estas cookies de Google: 1P_JAR, SID, SEARCH_SAMESITE,\u00a0 SAPISID, APISID, HSID, UULE, DV\u2026).<\/p>\r\n\r\n<p>&nbsp;<\/p>\r\n\r\n<p>Todas estas cookies se pueden encontrar en los siguientes links de la pol\u00edtica de Google:<\/p>\r\n\r\n<p>&nbsp;<\/p>\r\n\r\n<p><a href=\"https:\/\/developers.google.com\/analytics\/devguides\/collection\/analyticsjs\/cookie-usage?hl=es\">https:\/\/developers.google.com\/analytics\/devguides\/collection\/analyticsjs\/cookie-usage?hl=es<\/a><\/p>\r\n\r\n<p>&nbsp;<\/p>\r\n\r\n<p><a href=\"https:\/\/policies.google.com\/technologies\/types?hl=es\">https:\/\/policies.google.com\/technologies\/types?hl=es<\/a><\/p>\r\n\r\n<p>&nbsp;<\/p>\r\n\r\n<p><strong>Cookies de redes sociales (fb, youtube, twitter, etc.)<\/strong>: Cada red social utiliza sus propias cookies para que usted pueda pinchar en botones del tipo Me gusta o Compartir y dar acceso a las redes sociales.:<\/p>\r\n\r\n<p>&nbsp;<\/p>\r\n\r\n<ul class=\"wp-block-list\">\r\n<li>Cookies de Facebook, seg\u00fan lo dispuesto en su\u00a0<a href=\"https:\/\/www.facebook.com\/policies\/cookies\/\">Pol\u00edtica de Cookies<\/a><\/li>\r\n\r\n\r\n\r\n<li>Cookies de Linkedin, seg\u00fan lo dispuesto en su\u00a0<a href=\"https:\/\/www.linkedin.com\/legal\/cookie-policy?_l=es_ES\">Pol\u00edtica de Cookies<\/a><\/li>\r\n<\/ul>\r\n\r\n<p>&nbsp;<\/p>\r\n\r\n<p><strong>Consentimiento.<\/strong><\/p>\r\n\r\n<p>&nbsp;<\/p>\r\n\r\n<p>El usuario tendr\u00e1 que aceptar de manera expl\u00edcita y activa el uso de las cookies antes anunciadas, por los periodos se\u00f1alados anteriormente y en las condiciones contenidas en la presente Pol\u00edtica de Cookies.<\/p>\r\n\r\n<p>&nbsp;<\/p>\r\n\r\n<p><strong>Retirada del Consentimiento.<\/strong><\/p>\r\n\r\n<p>&nbsp;<\/p>\r\n\r\n<p>El usuario podr\u00e1 retirar en cualquier momento su consentimiento relacionado con esta Pol\u00edtica de Cookies, por eso habr\u00e1 de eliminar las cookies almacenadas en su equipo utilizando los ajustes y configuraciones de su navegador de internet.<\/p>\r\n\r\n<p>&nbsp;<\/p>\r\n\r\n<p><strong>Derechos del interesado.<\/strong><\/p>\r\n\r\n<p>&nbsp;<\/p>\r\n\r\n<p>La mayor\u00eda de las cookies recopilan informaci\u00f3n an\u00f3nima, que no permite obtener la identidad del usuario, si bien algunos de los c\u00f3digos que se incluyen sirven para singularizar o individualizar al navegador de su dispositivo utilizado, pudiendo ser de aplicaci\u00f3n la normativa en materia de protecci\u00f3n de datos personales. Por ello, le informamos de que la informaci\u00f3n que se obtiene por medio de las cookies, ser\u00e1 tratada con las finalidades indicadas en la presente Pol\u00edtica de Cookies. Asimismo, est\u00e1 informaci\u00f3n tambi\u00e9n ser\u00e1 tratada por aquellas empresas que proveen cookies con las finalidades indicadas en sus respectivas pol\u00edticas de privacidad.<\/p>\r\n\r\n<p>&nbsp;<\/p>\r\n\r\n<p>No obstante, teniendo en cuenta que estos c\u00f3digos no permiten la identificaci\u00f3n del Usuario, no ser\u00e1n aplicables los derechos de acceso, rectificaci\u00f3n, supresi\u00f3n, oposici\u00f3n, limitaci\u00f3n y portabilidad reconocidos en la normativa de protecci\u00f3n de datos, salvo que el Usuario sea capaz de aportar informaci\u00f3n adicional que permita vincular su identidad con los c\u00f3digos identificativos de sus cookies.<\/p>\r\n\r\n<p>&nbsp;<\/p>\r\n\r\n<p>En caso de considerar vulnerado su derecho a la protecci\u00f3n de datos, el usuario podr\u00e1 interponer una reclamaci\u00f3n ante la Agencia Espa\u00f1ola de Protecci\u00f3n de Datos (www.aepd.es) o ante nuestro Delegado de Protecci\u00f3n de Datos\/ responsable de protecci\u00f3n de datos en el siguiente e-mail (<a href=\"mailto:info@tqeurocredit.com\">info@tqeurocredit.com<\/a>).<\/p>\r\n\r\n<p>&nbsp;<\/p>\r\n\r\n<p>Por otro lado, le informamos que algunos de nuestros proveedores, socios y colaboradores pueden estar ubicados en Estados Unidos u otros pa\u00edses cuya legislaci\u00f3n no ofrece un nivel de protecci\u00f3n de datos equivalente al europeo. Al consentir el uso de cookies y la compartici\u00f3n de datos, consiente la transferencia de sus datos personales.<\/p>\r\n\r\n<p>&nbsp;<\/p>\r\n\r\n<p><strong>Gesti\u00f3n de cookies: Garant\u00edas complementarias.<\/strong><\/p>\r\n\r\n<p>&nbsp;<\/p>\r\n\r\n<p>Todos los navegadores de Internet permiten limitar el comportamiento de una cookie o desactivar las cookies dentro de la configuraci\u00f3n o las opciones del navegador. Los pasos para hacerlo son diferentes para cada navegador, pudi\u00e9ndose encontrar instrucciones en el men\u00fa de ayuda de cada navegador.<\/p>\r\n\r\n<p>&nbsp;<\/p>\r\n\r\n<p>Muchos navegadores permiten activar un modo privado mediante el cual las cookies se borran siempre despu\u00e9s de la visita. Dependiendo de cada navegador este modo privado, puede tener diferentes nombres. A continuaci\u00f3n, se puede encontrar una lista de los navegadores m\u00e1s comunes con un enlace a la configuraci\u00f3n de cookies y los diferentes nombres de este \u201cmodo privado\u201d:<\/p>\r\n\r\n<p>&nbsp;<\/p>\r\n\r\n<ul class=\"wp-block-list\">\r\n<li><strong>Internet Explorer<\/strong>:\u00a0<a href=\"http:\/\/windows.microsoft.com\/es-xl\/internet-explorer\/delete-manage-cookies#ie=ie-11\">http:\/\/windows.microsoft.com\/es-xl\/internet-explorer\/delete-manage-cookies#ie=ie-11<\/a><\/li>\r\n\r\n\r\n\r\n<li><strong>FireFox:<\/strong>\u00a0<a href=\"https:\/\/support.mozilla.org\/es\/kb\/Borrar%20cookies\">https:\/\/support.mozilla.org\/es\/kb\/Borrar%20cookies<\/a><\/li>\r\n\r\n\r\n\r\n<li><strong>Chrome:<\/strong>\u00a0<a href=\"https:\/\/support.google.com\/chrome\/answer\/95647?hl=es\">https:\/\/support.google.com\/chrome\/answer\/95647?hl=es<\/a><\/li>\r\n\r\n\r\n\r\n<li><strong>Safari<\/strong>:\u00a0<a href=\"http:\/\/www.apple.com\/legal\/privacy\/es\/cookies\/\">http:\/\/www.apple.com\/legal\/privacy\/es\/cookies\/<\/a><\/li>\r\n\r\n\r\n\r\n<li><strong>Opera:<\/strong>\u00a0<a href=\"https:\/\/help.opera.com\/en\/latest\/security-and-privacy\/\">https:\/\/help.opera.com\/en\/latest\/security-and-privacy\/<\/a><\/li>\r\n\r\n\r\n\r\n<li><strong>Safari para iOS (dispositivos iPhone y iPad):<\/strong>\u00a0<a href=\"http:\/\/help.opera.com\/Linux\/10.50\/en\/cookies.html\">http:\/\/help.opera.com\/Linux\/10.50\/en\/cookies.html<\/a><\/li>\r\n\r\n\r\n\r\n<li><strong>Chrome para Android:<\/strong>\u00a0<a href=\"https:\/\/support.google.com\/chrome\/answer\/2392971?hl=es\">https:\/\/support.google.com\/chrome\/answer\/2392971?hl=es<\/a><\/li>\r\n\r\n\r\n\r\n<li><strong>Windows Phone:<\/strong>\u00a0<a href=\"http:\/\/www.windowsphone.com\/es-es\/how-to\/wp7\/web\/changing-privacy-and-other-browser-\">http:\/\/www.windowsphone.com\/es-es\/how-to\/wp7\/web\/changing-privacy-and-other-browser-<\/a><\/li>\r\n<\/ul>\r\n\r\n<p>&nbsp;<\/p>\r\n\r\n<p>Para obtener m\u00e1s informaci\u00f3n sobre la eliminaci\u00f3n, deshabilitaci\u00f3n o bloqueo de cookies tambi\u00e9n puede visitar:\u00a0<a href=\"http:\/\/www.aboutcookies.org\/Default.aspx?page=2\">http:\/\/www.aboutcookies.org\/Default.aspx?page=2<\/a><\/p>\r\n\r\n<p>&nbsp;<\/p>\r\n\r\n<p>En caso de que se deshabiliten las cookies, no podremos mantener sus preferencias y algunas funcionalidades del Sitio Web podr\u00edan quedar inoperativas, no pudiendo ofrecerle servicios personalizados.<\/p>\r\n\r\n<p>&nbsp;<\/p>\r\n\r\n<p><strong>Actualizaci\u00f3n de la pol\u00edtica de cookies.<\/strong><\/p>\r\n\r\n<p>&nbsp;<\/p>\r\n\r\n<p>Este sitio web puede modificar esta Pol\u00edtica sobre Cookies, por eso le recomendamos revisar esta pol\u00edtica cada vez que acceda a nuestro sitio web por tal de estar adecuadamente informado sobre el uso que hacemos de las cookies.<\/p>\r\n\r\n<p>&nbsp;<\/p>\r\n\r\n<p>\u00daltima actualizaci\u00f3n: febrero 2021<\/p>","protected":false},"excerpt":{"rendered":"<p>En cumplimiento de la Ley 34\/2002 de Servicios de la Sociedad de la Informaci\u00f3n y del Comercio Electr\u00f3nico (LSSICE), se informa de los siguientes aspectos legales de la Web: &nbsp; Web: https:\/\/tqeurocredit.com\/ Titular: TQ EUROCREDIT-BCN S.L. Domicilio: C\/ Pau Claris n\u00ba 174, 4-1, cp 08037, BarcelonaC\/ Gran Via Jaume I , 32 -1 17001 \u00a0GironaPaseo [&hellip;]<\/p>\n","protected":false},"author":1,"featured_media":0,"parent":0,"menu_order":4,"comment_status":"closed","ping_status":"closed","template":"","meta":{"_acf_changed":false,"footnotes":"","_links_to":"","_links_to_target":""},"class_list":["post-92","page","type-page","status-publish","hentry"],"acf":[],"_links":{"self":[{"href":"https:\/\/www.tqalternativeinvestments.com\/es\/wp-json\/wp\/v2\/pages\/92","targetHints":{"allow":["GET"]}}],"collection":[{"href":"https:\/\/www.tqalternativeinvestments.com\/es\/wp-json\/wp\/v2\/pages"}],"about":[{"href":"https:\/\/www.tqalternativeinvestments.com\/es\/wp-json\/wp\/v2\/types\/page"}],"author":[{"embeddable":true,"href":"https:\/\/www.tqalternativeinvestments.com\/es\/wp-json\/wp\/v2\/users\/1"}],"replies":[{"embeddable":true,"href":"https:\/\/www.tqalternativeinvestments.com\/es\/wp-json\/wp\/v2\/comments?post=92"}],"version-history":[{"count":6,"href":"https:\/\/www.tqalternativeinvestments.com\/es\/wp-json\/wp\/v2\/pages\/92\/revisions"}],"predecessor-version":[{"id":470,"href":"https:\/\/www.tqalternativeinvestments.com\/es\/wp-json\/wp\/v2\/pages\/92\/revisions\/470"}],"wp:attachment":[{"href":"https:\/\/www.tqalternativeinvestments.com\/es\/wp-json\/wp\/v2\/media?parent=92"}],"curies":[{"name":"wp","href":"https:\/\/api.w.org\/{rel}","templated":true}]}}