{"id":3,"date":"2024-12-12T11:43:16","date_gmt":"2024-12-12T10:43:16","guid":{"rendered":"https:\/\/www.tqalternativeinvestments.com\/?page_id=3"},"modified":"2025-05-11T12:27:06","modified_gmt":"2025-05-11T10:27:06","slug":"politica-privacidad","status":"publish","type":"page","link":"https:\/\/www.tqalternativeinvestments.com\/es\/aviso-legal-y-politica-de-privacidad\/","title":{"rendered":"AVISO LEGAL Y POL\u00cdTICA DE PRIVACIDAD"},"content":{"rendered":"<p>En cumplimiento del art\u00edculo 10 de la Ley 34\/2002, de 11 de julio, de Servicios de la Sociedad de la Informaci\u00f3n y Comercio Electr\u00f3nico, a continuaci\u00f3n, se exponen los datos identificativos del Titular:<\/p>\r\n\r\n<p>&nbsp;<\/p>\r\n\r\n<figure class=\"wp-block-table is-style-regular\">\r\n<table class=\"has-fixed-layout\">\r\n<tbody>\r\n<tr>\r\n<td>Web:<\/td>\r\n<td><a href=\"https:\/\/staging2.tqeurocredit.com\/\"><strong>https:\/\/staging2.tqeurocredit.com\/<\/strong><\/a><\/td>\r\n<\/tr>\r\n<tr>\r\n<td>Titular:<\/td>\r\n<td>TQ EUROCREDIT-BCN S.L.<\/td>\r\n<\/tr>\r\n<tr>\r\n<td>Domicilio:<\/td>\r\n<td>Pg. de Gr\u00e0cia, 122, 4-2, 08008, BarcelonaGran Via Jaume I, 32, 1a, 17001, GironaCalle Lagasca 26, 1-D, 28006, MadridAv. Alexandre Rossell\u00f3, 26A, 1r, 07002, Palma de Mallorca<\/td>\r\n<\/tr>\r\n<tr>\r\n<td>C.I.F:<\/td>\r\n<td>B65756389<\/td>\r\n<\/tr>\r\n<tr>\r\n<td>Tel\u00e9fono:<strong>\u00a0<\/strong><\/td>\r\n<td>93.349.55.10 (Barcelona)972.48.72.22 (Girona)915.661.540 (Madrid)971.276.181 (Palma de Mallorca)<\/td>\r\n<\/tr>\r\n<tr>\r\n<td>Correo electr\u00f3nico:<\/td>\r\n<td><a href=\"mailto:info@tqeurocredit.com\">info@tqeurocredit.com<\/a><br \/><a href=\"mailto:bcn@tqeurocredit.com\">bcn@tqeurocredit.com<\/a><br \/><a href=\"mailto:madrid@tqeurocredit.com\">madrid@tqeurocredit.com<\/a><br \/>balears@tqeurocredit.com<\/td>\r\n<\/tr>\r\n<tr>\r\n<td><strong>Datos registrales:<\/strong><\/td>\r\n<td>Inscrito en el Registro Mercantil de Barcelona, Tomo 43157, Folio 23, Hoja B-424584<\/td>\r\n<\/tr>\r\n<\/tbody>\r\n<\/table>\r\n<\/figure>\r\n\r\n<p>&nbsp;<\/p>\r\n\r\n<ul class=\"wp-block-list\">\r\n<li><strong>CONDICIONES DE ACCESO Y USO<\/strong><\/li>\r\n<\/ul>\r\n\r\n<p>&nbsp;<\/p>\r\n\r\n<p>Cualquier persona que acceda a la Web de\u00a0<strong>TQ EUROCREDIT\u00a0<\/strong>tiene la consideraci\u00f3n de Usuario. El Usuario se compromete a utilizar la p\u00e1gina Web y aquellos servicios puestos a su disposici\u00f3n a trav\u00e9s de la misma, de manera acorde a la Ley, moral, buenas costumbres y orden p\u00fablico, as\u00ed como con lo dispuesto en el presente clausulado. En consecuencia, queda obligado a no utilizar la Web con fines o efectos il\u00edcitos y\/o contrarios a lo establecido, lesivos de derechos y\/o intereses de terceros o que, de cualquier forma, puedan da\u00f1ar la Web o impedir su normal uso, o de los servicios accesibles a trav\u00e9s de la misma.<\/p>\r\n\r\n<p>&nbsp;<\/p>\r\n\r\n<p>La utilizaci\u00f3n de la Web y\/o de sus Servicios, supondr\u00e1 la aceptaci\u00f3n plena y sin reservas, y la validez, de todas y cada una de las cl\u00e1usulas recogidas en la \u00faltima versi\u00f3n actualizada de este Aviso Legal, por lo que el Usuario deber\u00e1 ser consciente de la importancia de leerlas cada vez que visite la Web.<\/p>\r\n\r\n<p>&nbsp;<\/p>\r\n\r\n<ul class=\"wp-block-list\">\r\n<li><strong>PROPIEDAD INTELECTUAL<\/strong><\/li>\r\n<\/ul>\r\n\r\n<p>&nbsp;<\/p>\r\n\r\n<p>El c\u00f3digo fuente, los dise\u00f1os gr\u00e1ficos, las im\u00e1genes, las fotograf\u00edas, los v\u00eddeos, los sonidos, las animaciones, el software, los textos, as\u00ed como la informaci\u00f3n y los contenidos que se recogen en la Web est\u00e1n protegidos por la legislaci\u00f3n espa\u00f1ola sobre los derechos de propiedad intelectual e industrial a favor de\u00a0<strong>TQ EUROCREDIT\u00a0<\/strong>de terceros licenciadores. No se permite la reproducci\u00f3n y\/o publicaci\u00f3n, total o parcial, de la Web, ni su tratamiento inform\u00e1tico, su distribuci\u00f3n, su difusi\u00f3n, ni su modificaci\u00f3n, transformaci\u00f3n o descompilaci\u00f3n, ni dem\u00e1s derechos reconocidos legalmente a su titular, sin el permiso previo y por escrito del mismo. El Usuario, \u00fanica y exclusivamente, puede utilizar el material que aparezca en la Web para su uso personal y privado, quedando prohibido su uso con fines comerciales o para incurrir en actividades il\u00edcitas. Todos los derechos derivados de la propiedad intelectual est\u00e1n expresamente reservados por\u00a0<strong>TQ EUROCREDIT\u00a0<\/strong>de los terceros licenciadores, que velar\u00e1 por el cumplimiento de las anteriores condiciones como por la debida utilizaci\u00f3n de los contenidos presentados en sus p\u00e1ginas web, ejercitando todas las acciones civiles y penales que le correspondan en el caso de infracci\u00f3n o incumplimiento de estos derechos por parte del Usuario.<\/p>\r\n\r\n<p>&nbsp;<\/p>\r\n\r\n<ul class=\"wp-block-list\">\r\n<li><strong>POL\u00cdTICA DE PRIVACIDAD.<\/strong><\/li>\r\n<\/ul>\r\n\r\n<p>&nbsp;<\/p>\r\n\r\n<p><strong>TQ EUROCREDIT\u00a0<\/strong>se compromete a proteger la privacidad de los usuarios que accedan a esta web y\/o cualquiera de sus servicios. La utilizaci\u00f3n de la web y\/o cualquiera de los servicios ofrecidos por\u00a0<strong>TQ EUROCREDIT<\/strong>, implica la aceptaci\u00f3n por parte del usuario de las disposiciones contenidas en la presente Pol\u00edtica de Privacidad y que sus datos personales sean tratados seg\u00fan se estipula. Por favor, tenga en cuenta que, aunque pueda haber enlaces de nuestra web a otras webs, esta Pol\u00edtica de Privacidad no se aplica a otras compa\u00f1\u00edas u organizaciones a las que la web est\u00e9 redirigida.\u00a0<strong>TQ EUROCREDIT\u00a0<\/strong>controla el contenido de las webs de terceros ni acepta ning\u00fan tipo de responsabilidad por el contenido o las pol\u00edticas de privacidad de estos sitios web.<\/p>\r\n\r\n<p>&nbsp;<\/p>\r\n\r\n<ul class=\"wp-block-list\">\r\n<li><strong>CUESTIONES SOBRE PRIVACIDAD<\/strong><\/li>\r\n<\/ul>\r\n\r\n<p>&nbsp;<\/p>\r\n\r\n<p>En cumplimiento del Reglamento (UE) 2016\/679 del Parlamento Europeo y del Consejo, de 27 de abril de 2016, (RGPD) y de la Ley Org\u00e1nica 3\/2018, de 5 de diciembre, de Protecci\u00f3n de Datos Personales y garant\u00eda de derechos digitales, le ofrecemos la siguiente informaci\u00f3n sobre el tratamiento de los datos personales que usted pueda facilitarnos:<\/p>\r\n\r\n<p>&nbsp;<\/p>\r\n\r\n<ul class=\"wp-block-list\">\r\n<li><strong>\u00bfQui\u00e9n es el responsable del tratamiento de sus datos?<\/strong><\/li>\r\n<\/ul>\r\n\r\n<p>&nbsp;<\/p>\r\n\r\n<p><strong>TQ EUROCREDIT<\/strong><\/p>\r\n\r\n<p>&nbsp;<\/p>\r\n\r\n<p>Nuestros datos se encuentran en la parte superior de este aviso legal.<\/p>\r\n\r\n<p>&nbsp;<\/p>\r\n\r\n<ul class=\"wp-block-list\">\r\n<li>Tratamos la informaci\u00f3n que se nos facilita para prestar y facturar nuestros servicios y productos.<\/li>\r\n\r\n\r\n\r\n<li>Si nos da su consentimiento tambi\u00e9n podemos tratar sus datos para enviarle informaci\u00f3n sobre productos, servicios o actividades.<\/li>\r\n<\/ul>\r\n\r\n<p>&nbsp;<\/p>\r\n\r\n<ul class=\"wp-block-list\">\r\n<li><strong>\u00bfDurante cu\u00e1nto tiempo conservaremos sus datos?<\/strong><\/li>\r\n<\/ul>\r\n\r\n<p>&nbsp;<\/p>\r\n\r\n<p>Los datos personales proporcionadas se conservar\u00e1n durante el tiempo estrictamente necesario. Es decir, mientras sea usuario de nuestros servicios o quiera seguir recibiendo informaci\u00f3n.<\/p>\r\n\r\n<p>&nbsp;<\/p>\r\n\r\n<ul class=\"wp-block-list\">\r\n<li><strong>\u00bfQu\u00e9 legitimaci\u00f3n tenemos para poder tratar sus datos?<\/strong><\/li>\r\n<\/ul>\r\n\r\n<p>&nbsp;<\/p>\r\n\r\n<ol class=\"wp-block-list\">\r\n<li>La base legal para el tratamiento de sus datos son los\u00a0consentimientos que nos d\u00e9.<\/li>\r\n<\/ol>\r\n\r\n<p>&nbsp;<\/p>\r\n\r\n<p>(Menores de 14 a\u00f1os) Se entender\u00e1 que la informaci\u00f3n enviada por menores de 14 a\u00f1os lo ha sido por el consentimiento de sus representantes legales. De no ser as\u00ed el\/la representante legal deber\u00e1 inform\u00e1oslo en cuanto sea posible.<\/p>\r\n\r\n<p>&nbsp;<\/p>\r\n\r\n<ol class=\"wp-block-list\" start=\"2\">\r\n<li>Cumplimiento con las leyes aplicables o ejecuci\u00f3n de un contrato. En circunstancias espec\u00edficas, es posible que necesitemos procesar sus datos personales para cumplir con una ley \/ regulaci\u00f3n relevante, o para cumplir con nuestras obligaciones en virtud de un contrato al cual est\u00e1 sujeto.<\/li>\r\n<\/ol>\r\n\r\n<p>&nbsp;<\/p>\r\n\r\n<ul class=\"wp-block-list\">\r\n<li><strong>\u00bfA qui\u00e9n comunicaremos sus datos?<\/strong><\/li>\r\n<\/ul>\r\n\r\n<p>&nbsp;<\/p>\r\n\r\n<p>Los datos no ser\u00e1n comunicados a terceros, salvo que lo exija una ley o sea necesario para cumplir con la finalidad del tratamiento.<\/p>\r\n\r\n<p>&nbsp;<\/p>\r\n\r\n<ul class=\"wp-block-list\">\r\n<li><strong>\u00bfQu\u00e9 derechos tiene el usuario y c\u00f3mo ejercerlos?<\/strong><\/li>\r\n<\/ul>\r\n\r\n<p>&nbsp;<\/p>\r\n\r\n<ul class=\"wp-block-list\">\r\n<li>Cualquier persona tiene derecho a obtener confirmaci\u00f3n sobre si estamos tratando o no sus datos personales.<\/li>\r\n\r\n\r\n\r\n<li>Tambi\u00e9n tienen derecho a retirar el consentimiento prestado anteriormente.<\/li>\r\n\r\n\r\n\r\n<li>Las personas interesadas tienen derecho a acceder a sus datos personales, as\u00ed como a solicitar la rectificaci\u00f3n de los datos inexactos o solicitar la supresi\u00f3n de los mismos cuando, entre otros motivos, los datos ya no sean necesarios para las finalidades para las cuales se recabaron.<\/li>\r\n\r\n\r\n\r\n<li>En determinadas circunstancias les persones interesadas podr\u00e1n solicitar la limitaci\u00f3n del tratamiento de sus datos, en este caso \u00fanicamente los conservaremos para el ejercicio o la defensa de reclamaciones.<\/li>\r\n\r\n\r\n\r\n<li>En determinadas circunstancias y por motivos relacionados con su situaci\u00f3n particular, el\/la interesado\/a podr\u00e1 oponerse al tratamiento de sus datos. En este caso dejaremos de tratarlos, excepto por motivos leg\u00edtimos imperiosos o para el ejercicio o la defensa de posibles reclamaciones.<\/li>\r\n\r\n\r\n\r\n<li>Las personas interesadas tambi\u00e9n tienen derecho a la portabilidad de sus datos.<\/li>\r\n\r\n\r\n\r\n<li>Finalmente, los\/las interesados\/as tienen derecho a presentar una reclamaci\u00f3n ante la Autoridad de Control competente.<\/li>\r\n<\/ul>\r\n\r\n<p>&nbsp;<\/p>\r\n\r\n<p>Puede ejercer los derechos anteriores envi\u00e1ndonos un escrito adjuntando una copia de un documento que lo identifique a nuestro domicilio o correo electr\u00f3nico (que aparecen al principio del presente Aviso Legal.<\/p>\r\n\r\n<p>&nbsp;<\/p>\r\n\r\n<ul class=\"wp-block-list\">\r\n<li><strong>\u00bfC\u00f3mo hemos obtenido sus datos?<\/strong><\/li>\r\n<\/ul>\r\n\r\n<p>&nbsp;<\/p>\r\n\r\n<p>Los datos personales que tratamos proceden del propio interesado, quien garantiza que los datos facilitados son ciertos y se hace responsable de comunicarnos cualquier modificaci\u00f3n de las mismas. Los datos que est\u00e9n marcados con un asterisco son obligatorios para poder darle el servicio solicitado.<\/p>\r\n\r\n<p>&nbsp;<\/p>\r\n\r\n<ul class=\"wp-block-list\">\r\n<li><strong>\u00bfQu\u00e9 datos tratamos?<\/strong><\/li>\r\n<\/ul>\r\n\r\n<p>&nbsp;<\/p>\r\n\r\n<p>Los datos que tratamos oscilan entre las siguientes categor\u00edas:<\/p>\r\n\r\n<p>&nbsp;<\/p>\r\n\r\n<ul class=\"wp-block-list\">\r\n<li>Datos de car\u00e1cter identificativo.<\/li>\r\n\r\n\r\n\r\n<li>Direcciones postales o electr\u00f3nicas.<\/li>\r\n\r\n\r\n\r\n<li>Otros datos solicitados en nuestros formularios.<\/li>\r\n<\/ul>\r\n\r\n<p>&nbsp;<\/p>\r\n\r\n<p>Los datos son limitados, dado que \u00fanicamente tratamos los datos necesarios para la prestaci\u00f3n de nuestros servicios y la gesti\u00f3n de nuestra actividad.<\/p>\r\n\r\n<p>&nbsp;<\/p>\r\n\r\n<ul class=\"wp-block-list\">\r\n<li><strong>\u00bfCon qu\u00e9 finalidad tratamos sus datos?<\/strong><\/li>\r\n<\/ul>\r\n\r\n<p>&nbsp;<\/p>\r\n\r\n<p>Podemos procesar sus datos personales para los siguientes fines:<\/p>\r\n\r\n<p>&nbsp;<\/p>\r\n\r\n<p>-Prestar los servicios contratados.<\/p>\r\n\r\n<p>&nbsp;<\/p>\r\n\r\n<p>-Facilitar los productos adquiridos.<\/p>\r\n\r\n<p>&nbsp;<\/p>\r\n\r\n<p>-Responder a sus solicitudes de informaci\u00f3n, productos o servicios<\/p>\r\n\r\n<p>&nbsp;<\/p>\r\n\r\n<p>-Donde tenemos obligaciones legales, procesar los datos personales<\/p>\r\n\r\n<p>&nbsp;<\/p>\r\n\r\n<p>-Contratar personal<\/p>\r\n\r\n<p>&nbsp;<\/p>\r\n\r\n<p>-Planificar y desarrollar aspectos organizativos (tales como comunicaciones internas, presupuestos, administraci\u00f3n y gesti\u00f3n de proyectos);<\/p>\r\n\r\n<p>&nbsp;<\/p>\r\n\r\n<p>-Proporcionar acceso a nuestros recursos<\/p>\r\n\r\n<p>&nbsp;<\/p>\r\n\r\n<p>-Procesar pagos<\/p>\r\n\r\n<p>&nbsp;<\/p>\r\n\r\n<p>-Administrar el sitio web<\/p>\r\n\r\n<p>&nbsp;<\/p>\r\n\r\n<p>-Para cualquier fin adicional en el que se nos requiera notificarle y obtener su consentimiento, incluidos los fines exigidos por la legislaci\u00f3n local, obtendremos su consentimiento antes de procesar sus datos personales para esos fines.<\/p>\r\n\r\n<p>&nbsp;<\/p>\r\n\r\n<ul class=\"wp-block-list\">\r\n<li><strong>\u00bfQU\u00c9 MEDIDAS DE SEGURIDAD APLICAMOS?<\/strong><\/li>\r\n<\/ul>\r\n\r\n<p>&nbsp;<\/p>\r\n\r\n<p>Aplicamos las medidas de seguridad establecidas en el art\u00edculo 32 del RGPD, por lo tanto, hemos adoptado las medidas de seguridad necesarias para garantizar un nivel de seguridad adecuado al riesgo del tratamiento de los datos que realizamos, con mecanismos que nos permiten garantizar la confidencialidad, integridad, disponibilidad y resiliencia permanente de los sistemas y servicios de tratamiento.<\/p>\r\n\r\n<p>&nbsp;<\/p>\r\n\r\n<p>Algunas de estas medidas son:<\/p>\r\n\r\n<p>&nbsp;<\/p>\r\n\r\n<ul class=\"wp-block-list\">\r\n<li>Informaci\u00f3n de las pol\u00edticas de tratamiento de los datos al personal.<\/li>\r\n\r\n\r\n\r\n<li>Realizaci\u00f3n de copias de seguridad peri\u00f3dicas.<\/li>\r\n\r\n\r\n\r\n<li>Control de acceso a los datos.<\/li>\r\n\r\n\r\n\r\n<li>Procesos de verificaci\u00f3n, evaluaci\u00f3n y valoraci\u00f3n regulares.<\/li>\r\n<\/ul>\r\n\r\n<p>&nbsp;<\/p>\r\n\r\n<ul class=\"wp-block-list\">\r\n<li><strong>EXCLUSION DE RESPONSABILIDAD<\/strong><\/li>\r\n<\/ul>\r\n\r\n<p>&nbsp;<\/p>\r\n\r\n<p><strong>TQ EUROCREDIT\u00a0<\/strong>con la m\u00e1xima diligencia posible para que los datos y la informaci\u00f3n que ofrece en su sitio web est\u00e9 actualizada en todo momento. No garantiza ni se hace responsable la exactitud y actualizaci\u00f3n de los contenidos del sitio web, reserv\u00e1ndose el derecho a modificar estos contenidos en cualquier momento.\u00a0<strong>TQ EUROCREDIT\u00a0<\/strong>ser\u00e1 responsable de la informaci\u00f3n que se pueda obtener a trav\u00e9s de enlaces incluidos en el sitio web.<\/p>\r\n\r\n<p>&nbsp;<\/p>\r\n\r\n<p>Las relaciones comerciales entre clientes se regir\u00e1n por las condiciones generales que, si fuera necesario, se establecer\u00edan por\u00a0<strong>TQ EUROCREDIT<\/strong>\u00a0en un documento espec\u00edfico a este efecto, o para los pactos concretos que se puedan acordar con los clientes.<\/p>\r\n\r\n<p>&nbsp;<\/p>\r\n\r\n<ul class=\"wp-block-list\">\r\n<li><strong>POL\u00cdTICA DE INFORMACI\u00d3N Y PUBLICIDAD COMERCIAL.<\/strong><\/li>\r\n<\/ul>\r\n\r\n<p>&nbsp;<\/p>\r\n\r\n<p><strong>TQ EUROCREDIT\u00a0<\/strong>se compromete a trav\u00e9s de este medio a\u00a0<strong>no realizar publicidad enga\u00f1osa<\/strong>. A estos efectos, por lo tanto, no ser\u00e1n considerados como publicidad enga\u00f1osa los errores formales o num\u00e9ricos que puedan encontrarse a lo largo del contenido de las distintas secciones de la Web, producidos como consecuencia de un mantenimiento y\/o actualizaci\u00f3n incompleta de la informaci\u00f3n contenida en estas secciones.\u00a0<strong>TQ EUROCREDIT,<\/strong>\u00a0como consecuencia de lo dispuesto en este apartado, se compromete a corregirlo tan pronto como tenga conocimiento de dichos errores.<\/p>\r\n\r\n<p>&nbsp;<\/p>\r\n\r\n<p><strong>TQ EUROCREDIT\u00a0<\/strong>se compromete a\u00a0<strong>no remitir comunicaciones comerciales sin identificarlas como tales<\/strong>, conforme a lo dispuesto en la Ley 34\/2002 de Servicios de la Sociedad de la Informaci\u00f3n y de comercio electr\u00f3nico. A estos efectos no ser\u00e1 considerado como comunicaci\u00f3n comercial toda la informaci\u00f3n que se env\u00ede a los clientes de\u00a0<strong>TQ EUROCREDIT\u00a0<\/strong>que tenga por finalidad el mantenimiento de la relaci\u00f3n contractual existente entre cliente y\u00a0<strong>TQ EUROCREDIT<\/strong>, as\u00ed como el desempe\u00f1o de las tareas de informaci\u00f3n y otras actividades propias del servicio que el cliente tiene contratado.<\/p>\r\n\r\n<p>&nbsp;<\/p>\r\n\r\n<ul class=\"wp-block-list\">\r\n<li><strong>CONDICIONES DE USO. JURISDICCI\u00d3N Y LEYES APLICABLES.<\/strong><\/li>\r\n<\/ul>\r\n\r\n<p>&nbsp;<\/p>\r\n\r\n<p>El uso de este sitio web implica la aceptaci\u00f3n plena de los t\u00e9rminos del presente aviso legal.\u00a0 El presente Aviso Legal y todas las relaciones que se establezcan entre\u00a0<strong>TQ EUROCREDIT\u00a0<\/strong>el Usuario de la Web y sus servicios se regir\u00e1n por lo establecido en la legislaci\u00f3n espa\u00f1ola.<\/p>\r\n\r\n<p>&nbsp;<\/p>\r\n\r\n<p><em>\u2013 \u00daltima revisi\u00f3n: febrero 2022<\/em><\/p>\r\n\r\n<p>&nbsp;<\/p>","protected":false},"excerpt":{"rendered":"<p>En cumplimiento del art\u00edculo 10 de la Ley 34\/2002, de 11 de julio, de Servicios de la Sociedad de la Informaci\u00f3n y Comercio Electr\u00f3nico, a continuaci\u00f3n, se exponen los datos identificativos del Titular: &nbsp; Web: https:\/\/staging2.tqeurocredit.com\/ Titular: TQ EUROCREDIT-BCN S.L. Domicilio: Pg. de Gr\u00e0cia, 122, 4-2, 08008, BarcelonaGran Via Jaume I, 32, 1a, 17001, GironaCalle [&hellip;]<\/p>\n","protected":false},"author":1,"featured_media":0,"parent":0,"menu_order":900,"comment_status":"closed","ping_status":"closed","template":"","meta":{"_acf_changed":false,"footnotes":"","_links_to":"","_links_to_target":""},"class_list":["post-3","page","type-page","status-publish","hentry"],"acf":[],"_links":{"self":[{"href":"https:\/\/www.tqalternativeinvestments.com\/es\/wp-json\/wp\/v2\/pages\/3","targetHints":{"allow":["GET"]}}],"collection":[{"href":"https:\/\/www.tqalternativeinvestments.com\/es\/wp-json\/wp\/v2\/pages"}],"about":[{"href":"https:\/\/www.tqalternativeinvestments.com\/es\/wp-json\/wp\/v2\/types\/page"}],"author":[{"embeddable":true,"href":"https:\/\/www.tqalternativeinvestments.com\/es\/wp-json\/wp\/v2\/users\/1"}],"replies":[{"embeddable":true,"href":"https:\/\/www.tqalternativeinvestments.com\/es\/wp-json\/wp\/v2\/comments?post=3"}],"version-history":[{"count":9,"href":"https:\/\/www.tqalternativeinvestments.com\/es\/wp-json\/wp\/v2\/pages\/3\/revisions"}],"predecessor-version":[{"id":274,"href":"https:\/\/www.tqalternativeinvestments.com\/es\/wp-json\/wp\/v2\/pages\/3\/revisions\/274"}],"wp:attachment":[{"href":"https:\/\/www.tqalternativeinvestments.com\/es\/wp-json\/wp\/v2\/media?parent=3"}],"curies":[{"name":"wp","href":"https:\/\/api.w.org\/{rel}","templated":true}]}}