{"id":217,"date":"2025-03-21T13:34:06","date_gmt":"2025-03-21T12:34:06","guid":{"rendered":"https:\/\/www.tqalternativeinvestments.com\/?page_id=217"},"modified":"2025-05-11T13:40:22","modified_gmt":"2025-05-11T11:40:22","slug":"antoni-quintana-i-mas","status":"publish","type":"page","link":"https:\/\/www.tqalternativeinvestments.com\/ca\/antoni-quintana-i-mas\/","title":{"rendered":"Antoni Quintana i Mas"},"content":{"rendered":"<div class=\"wp-block-columns is-layout-flex wp-container-core-columns-is-layout-9d6595d7 wp-block-columns-is-layout-flex\">\r\n<div class=\"wp-block-column is-layout-flow wp-block-column-is-layout-flow\" style=\"flex-basis:66.66%\">\r\n<p><a href=\"https:\/\/antoniquintana.com\" data-type=\"link\" data-id=\"https:\/\/antoniquintana.com\" target=\"_blank\" rel=\"noreferrer noopener\">Antoni Quintana <\/a>i Mas \u00e9s economista i fundador i CEO de TQ Alternative Investments, una plataforma especialitzada en inversi\u00f3 alternativa, finan\u00e7ament estructurat i gesti\u00f3 de capital. Sota el seu lideratge, el grup ha establert quatre divisions principals: TQ Eurocredit, TQ Investpro, TQ Adquisitions i TQ Venture Capital, oferint vehicles d\u2019inversi\u00f3 personalitzats per a inversors institucionals i family offices. Amb una dilatada experi\u00e8ncia en banca i estructuraci\u00f3 financera, va ocupar c\u00e0rrecs directius en Banco Popular i Mapfre, abans de consolidar un model d\u2019inversi\u00f3 basat en actius tangibles i estrat\u00e8gies de diversificaci\u00f3 de capital.<br><br>Format en Economia per la UNED (1994), ha complementat la seva formaci\u00f3 amb un postgrau en Direcci\u00f3 Financera (IDEC-UPF, 1999) i un postgrau en Direcci\u00f3 Comercial i M\u00e0rqueting (EADA, 2005). Gr\u00e0cies a aquesta especialitzaci\u00f3, s\u2019ha convertit en un referent en inversi\u00f3 en deute privat, estructuraci\u00f3 de fons i optimitzaci\u00f3 de carteres d\u2019actius alternatius.<br>L\u2019any 2022, posa en marxa TQ Alternative Investments per integrar i consolidar les diferents l\u00ednies de negoci del grup, creant una plataforma d\u2019inversi\u00f3 alternativa especialitzada en gesti\u00f3 de capital i estructuraci\u00f3 d\u2019actius alternatius. Amb una producci\u00f3 acumulada superior als 900 milions d\u2019euros i el suport de m\u00e9s de 340 inversors professionals, la companyia s\u2019ha posicionat com un referent en el sector de la inversi\u00f3 alternativa. <br>TQ Alternative Investments opera a trav\u00e9s de quatre divisions estrat\u00e8giques, dissenyades per oferir vehicles d\u2019inversi\u00f3 diversificats i rendibles:<br><br><strong>TQ Eurocredit:<\/strong> Plataforma d\u2019inversi\u00f3 en finan\u00e7ament alternatiu, especialitzada en pr\u00e9stecs amb garantia hipotec\u00e0ria per a empreses i promotors immobiliaris, oferint pr\u00e9stecs pont, pr\u00e9stecs promotors i finan\u00e7ament estructurat.<br><br><strong>TQ Investpro: <\/strong>Divisi\u00f3 centrada en inversi\u00f3 immobili\u00e0ria i desenvolupament d\u2019actius, enfocada en segones resid\u00e8ncies i propietats en mercats estrat\u00e8gics amb alt potencial de revaloritzaci\u00f3.<br><br><strong>TQ Adquisitions:<\/strong> Especialitzada en compra i capitalitzaci\u00f3 d\u2019empreses, identificant negocis amb opcions de creixement i processos de reestructuraci\u00f3 per incrementar-ne el valor.<br><br><strong>TQ Venture Capital:<\/strong> Vehicle d\u2019inversi\u00f3 en startups en fase de creixement, apostant per models de negoci innovadors i disruptius amb alt potencial de rendiment.<br><br>TQ Alternative Investments s\u2019especialitza en la canalitzaci\u00f3 de capital institucional i privat cap a actius alternatius, oferint solucions d\u2019inversi\u00f3 estructurades per maximitzar rendiments i minimitzar riscos. La seva estrat\u00e8gia es basa en la diversificaci\u00f3 d\u2019actius, la seguretat de les garanties i l\u2019optimitzaci\u00f3 del capital, proporcionant als inversors acc\u00e9s a oportunitats d\u2019alt valor en un entorn financer en constant evoluci\u00f3.<br><br>A m\u00e9s del seu rol com a CEO de TQ Alternative Investments, Antoni Quintana i Mas \u00e9s una veu reconeguda en confer\u00e8ncies i f\u00f2rums sobre inversi\u00f3 alternativa i gesti\u00f3 d\u2019actius, on presenta estrat\u00e8gies de diversificaci\u00f3, estructuraci\u00f3 de capital i finan\u00e7ament estructurat per a inversors institucionals i family offices. Ha estat ponent en esdeveniments com Planner Exhibitions, Econom\u00eda 3, SIMA \u2013 The Global Hub of Living i Capital Radio (Business), aportant una visi\u00f3 experta sobre tend\u00e8ncies en actius alternatius i la seva integraci\u00f3 en carteres d\u2019inversi\u00f3 professionalitzades.<br><br>Amb una traject\u00f2ria centrada en la creaci\u00f3 de vehicles d\u2019inversi\u00f3 eficients i la maximitzaci\u00f3 del rendiment ajustat al risc, continua expandint TQ Alternative Investments com a plataforma de refer\u00e8ncia en la inversi\u00f3 alternativa. La seva capacitat per anticipar les fluctuacions del mercat i adaptar-se a nous escenaris financers l\u2019han posicionat com una figura clau en el desenvolupament de productes d\u2019inversi\u00f3 innovadors i rendibles per a capital institucional.<\/p>\r\n<\/div>\r\n\r\n\r\n\r\n<div class=\"wp-block-column is-layout-flow wp-block-column-is-layout-flow\" style=\"flex-basis:33.33%\">\r\n<figure class=\"wp-block-image size-full\"><img loading=\"lazy\" decoding=\"async\" width=\"400\" height=\"600\" src=\"https:\/\/www.tqalternativeinvestments.com\/wp-content\/uploads\/2024\/12\/Antoni_Quintana.jpg\" alt=\"\" class=\"wp-image-108\" srcset=\"https:\/\/www.tqalternativeinvestments.com\/wp-content\/uploads\/2024\/12\/Antoni_Quintana.jpg 400w, https:\/\/www.tqalternativeinvestments.com\/wp-content\/uploads\/2024\/12\/Antoni_Quintana-200x300.jpg 200w\" sizes=\"auto, (max-width: 400px) 100vw, 400px\" \/><\/figure>\r\n<\/div>\r\n<\/div>","protected":false},"excerpt":{"rendered":"<p>Antoni Quintana i Mas \u00e9s economista i fundador i CEO de TQ Alternative Investments, una plataforma especialitzada en inversi\u00f3 alternativa, finan\u00e7ament estructurat i gesti\u00f3 de capital. Sota el seu lideratge, el grup ha establert quatre divisions principals: TQ Eurocredit, TQ Investpro, TQ Adquisitions i TQ Venture Capital, oferint vehicles d\u2019inversi\u00f3 personalitzats per a inversors institucionals [&hellip;]<\/p>\n","protected":false},"author":1,"featured_media":0,"parent":0,"menu_order":0,"comment_status":"closed","ping_status":"closed","template":"","meta":{"_acf_changed":false,"footnotes":"","_links_to":"","_links_to_target":""},"class_list":["post-217","page","type-page","status-publish","hentry"],"acf":[],"_links":{"self":[{"href":"https:\/\/www.tqalternativeinvestments.com\/ca\/wp-json\/wp\/v2\/pages\/217","targetHints":{"allow":["GET"]}}],"collection":[{"href":"https:\/\/www.tqalternativeinvestments.com\/ca\/wp-json\/wp\/v2\/pages"}],"about":[{"href":"https:\/\/www.tqalternativeinvestments.com\/ca\/wp-json\/wp\/v2\/types\/page"}],"author":[{"embeddable":true,"href":"https:\/\/www.tqalternativeinvestments.com\/ca\/wp-json\/wp\/v2\/users\/1"}],"replies":[{"embeddable":true,"href":"https:\/\/www.tqalternativeinvestments.com\/ca\/wp-json\/wp\/v2\/comments?post=217"}],"version-history":[{"count":11,"href":"https:\/\/www.tqalternativeinvestments.com\/ca\/wp-json\/wp\/v2\/pages\/217\/revisions"}],"predecessor-version":[{"id":292,"href":"https:\/\/www.tqalternativeinvestments.com\/ca\/wp-json\/wp\/v2\/pages\/217\/revisions\/292"}],"wp:attachment":[{"href":"https:\/\/www.tqalternativeinvestments.com\/ca\/wp-json\/wp\/v2\/media?parent=217"}],"curies":[{"name":"wp","href":"https:\/\/api.w.org\/{rel}","templated":true}]}}